{"id":4618,"date":"2024-08-24T23:31:58","date_gmt":"2024-08-25T04:31:58","guid":{"rendered":"https:\/\/www.milleniumnext.com\/?post_type=product&#038;p=4618"},"modified":"2025-06-24T20:54:48","modified_gmt":"2025-06-25T01:54:48","slug":"maquina-de-soldadura-laser-automatica-robot-colaborativo","status":"publish","type":"product","link":"https:\/\/www.milleniumnext.com\/index.php\/producto\/maquina-de-soldadura-laser-automatica-robot-colaborativo\/","title":{"rendered":"M\u00e1quina de soldadura l\u00e1ser autom\u00e1tica Robot colaborativo"},"content":{"rendered":"<h3>Brazo rob\u00f3tico de colaboraci\u00f3n humano-robot de 6 ejes<\/h3>\n<p>Los robots colaborativos pueden hacer frente con eficacia a las operaciones de soldadura por l\u00e1ser, ayudando a lograr procesos de soldadura flexibles, eficientes y gratuitos.<\/p>\n<p>La estabilidad y consistencia de la soldadura son mayores y la calidad del producto es m\u00e1s f\u00e1cil de controlar.<\/p>\n<p>Reducir la mano de obra y el consumo de mano de obra.Resolver la escasez de soldadores calificados aumenta la capacidad de producci\u00f3n y las ganancias.<\/p>\n<p>&nbsp;<\/p>\n<h3>Soldador l\u00e1ser de nuevo tipo<\/h3>\n<p>Efecto de alta calidad y Irod, Peque\u00f1a deformaci\u00f3n, hermosa costura de soldadura, sin necesidad de moler, se pueden ajustar diferentes efectos seg\u00fan el proceso<\/p>\n<p>Amplia aplicaci\u00f3n y fuerte versatilidad. Se pueden soldar materiales met\u00e1licos comunes como hierro, acero inoxidable, aleaci\u00f3n galvanizada y aleaci\u00f3n de aluminio.<\/p>\n<p>&nbsp;<\/p>\n<h3>Bajo costo y muchos procesos<\/h3>\n<p>Bajo consumo de energ\u00eda, la soldadura de diferentes materiales corresponde a diferentes procesos, Enviarconsumo de energ\u00eda inteligente.<br \/>\nFlexible para soldadura de filete interior, soldadura de filete exterior, soldadura de empalme, soldadura por puntos, soldadura de escamas de pescado, etc.<\/p>\n<p>&nbsp;<\/p>\n<h3>Cabezal de soldadura l\u00e1ser autom\u00e1tico<\/h3>\n<p>R\u00e1pido y eficiente, amplio rango de procesamiento: la m\u00e1quina de soldadura l\u00e1ser autom\u00e1tica tiene energ\u00eda concentrada, soldadura de alta eficiencia y alta velocidad, soldaduras suaves y hermosas, y reduce los procesos de rectificado posteriores.<\/p>\n<p>&nbsp;<\/p>\n<h3>Fuente l\u00e1ser<\/h3>\n<p>Raycus\/MAX\/IPG, opci\u00f3n m\u00faltiple<br \/>\nDiferentes marcas, diferentes potencias de l\u00e1ser est\u00e1n disponibles.A mayor potencia, mayor espesor de corte.<\/p>\n<p>&nbsp;<\/p>\n<h3>Sistema de control inteligente<\/h3>\n<p>Sistema inteligente de alta gama, estable y confiable, f\u00e1cil de usar, rico en funciones, adecuado para diversas ocasiones de procesamiento.<\/p>\n<p>Son apoyosoluciones modulares, personalizadas, automatizadas e informatizadas.<\/p>\n<p>&nbsp;<\/p>\n<h3>Caracter\u00edsticas del robot colaborativo de la m\u00e1quina de soldadura l\u00e1ser autom\u00e1tica<\/h3>\n<p>En comparaci\u00f3n con la soldadura tradicional, la velocidad aumenta 10 veces y el rendimiento de todo el proceso de soldadura es superior.<\/p>\n<p>El robot gira el brazo y la ruta de enrutamiento es constante y estable, y est\u00e1 equipado con un sistema de limpieza de pistola y corte de alambre.Elimina virtualmente la posibilidad de obstrucci\u00f3n de la antorcha de soldadura.<\/p>\n<p>La soldadura, las salpicaduras y la escoria de soldadura se reducen considerablemente.Las soldaduras son hermosas y brillantes.<\/p>\n<p>Puede soportar altas temperaturas y entornos de trabajo duros.Reduzca el da\u00f1o al cuerpo humano causado por la soldadura y siente las bases para la automatizaci\u00f3n de la l\u00ednea de producci\u00f3n.<\/p>\n<p>&nbsp;<\/p>\n<p>&nbsp;<\/p>\n<p>&nbsp;<\/p>\n","protected":false},"excerpt":{"rendered":"<p>Brazo rob\u00f3tico de colaboraci\u00f3n humano-robot de 6 ejes Los robots colaborativos pueden hacer frente con eficacia a las operaciones de soldadura por l\u00e1ser, ayudando a lograr procesos de soldadura flexibles, eficientes y gratuitos. La estabilidad y consistencia de la soldadura son mayores y la calidad del producto es m\u00e1s f\u00e1cil de controlar. Reducir la mano<\/p>\n<div class=\"klb-readmore button\"><a class=\"btn link\" href=\"https:\/\/www.milleniumnext.com\/index.php\/producto\/maquina-de-soldadura-laser-automatica-robot-colaborativo\/\">Leer M\u00e1s <i class=\"klbth-icon-right-arrow\"><\/i><\/a><\/div>\n","protected":false},"featured_media":4615,"comment_status":"open","ping_status":"closed","template":"","meta":[],"product_cat":[258,218,266],"product_tag":[248,249],"class_list":{"0":"post-4618","1":"product","2":"type-product","3":"status-publish","4":"has-post-thumbnail","6":"product_cat-lw-robotica","7":"product_cat-soldadura-laser","8":"product_cat-todos-los-productos","9":"product_tag-corte-laser-de-metales","10":"product_tag-corte-y-soldadura-de-metales","12":"first","13":"instock","14":"shipping-taxable","15":"product-type-simple"},"_links":{"self":[{"href":"https:\/\/www.milleniumnext.com\/index.php\/wp-json\/wp\/v2\/product\/4618","targetHints":{"allow":["GET"]}}],"collection":[{"href":"https:\/\/www.milleniumnext.com\/index.php\/wp-json\/wp\/v2\/product"}],"about":[{"href":"https:\/\/www.milleniumnext.com\/index.php\/wp-json\/wp\/v2\/types\/product"}],"replies":[{"embeddable":true,"href":"https:\/\/www.milleniumnext.com\/index.php\/wp-json\/wp\/v2\/comments?post=4618"}],"wp:featuredmedia":[{"embeddable":true,"href":"https:\/\/www.milleniumnext.com\/index.php\/wp-json\/wp\/v2\/media\/4615"}],"wp:attachment":[{"href":"https:\/\/www.milleniumnext.com\/index.php\/wp-json\/wp\/v2\/media?parent=4618"}],"wp:term":[{"taxonomy":"product_cat","embeddable":true,"href":"https:\/\/www.milleniumnext.com\/index.php\/wp-json\/wp\/v2\/product_cat?post=4618"},{"taxonomy":"product_tag","embeddable":true,"href":"https:\/\/www.milleniumnext.com\/index.php\/wp-json\/wp\/v2\/product_tag?post=4618"}],"curies":[{"name":"wp","href":"https:\/\/api.w.org\/{rel}","templated":true}]}}